{"id":3681,"date":"2024-06-05T07:21:13","date_gmt":"2024-06-05T07:21:13","guid":{"rendered":"https:\/\/examopedia.com\/?post_type=product&#038;p=3681"},"modified":"2024-06-18T10:40:57","modified_gmt":"2024-06-18T10:40:57","slug":"preparation-a-lexamen-du-delf-hachette-livre-a1-cd-french-language","status":"publish","type":"product","link":"https:\/\/examopedia.com\/blog\/product\/preparation-a-lexamen-du-delf-hachette-livre-a1-cd-french-language\/","title":{"rendered":"Preparation a l&#8217;examen du DELF Hachette: Livre A1 &#038; CD \/  French Language"},"content":{"rendered":"<p>French language became a diplomacy, culture, and commerce, spreading to various parts of Africa, Asia, and the Americas. &#8220;Pr\u00e9paration \u00e0 l&#8217;examen du DELF Hachette: Livre A1 &amp; CD&#8221; is a comprehensive resource designed to aid learners in preparing for the DELF exam at the A1 level. The content aligns with the requirements of the DELF A1 exam, ensuring that learners are well-equipped for success. With a focus on practical application and exam-specific exercises, this resource serves as a valuable tool for individuals seeking to attain proficiency and confidence in French at the A1 level and excel in the DELF examination.<\/p>\n","protected":false},"excerpt":{"rendered":"<p>French language became a diplomacy, culture, and commerce, spreading to various parts of Africa, Asia, and the Americas.<\/p>\n","protected":false},"featured_media":3735,"comment_status":"open","ping_status":"closed","template":"","meta":{"_uag_custom_page_level_css":"","site-sidebar-layout":"default","site-content-layout":"","ast-site-content-layout":"default","site-content-style":"default","site-sidebar-style":"default","ast-global-header-display":"","ast-banner-title-visibility":"","ast-main-header-display":"","ast-hfb-above-header-display":"","ast-hfb-below-header-display":"","ast-hfb-mobile-header-display":"","site-post-title":"","ast-breadcrumbs-content":"","ast-featured-img":"","footer-sml-layout":"","theme-transparent-header-meta":"default","adv-header-id-meta":"","stick-header-meta":"","header-above-stick-meta":"","header-main-stick-meta":"","header-below-stick-meta":"","astra-migrate-meta-layouts":"set","ast-page-background-enabled":"default","ast-page-background-meta":{"desktop":{"background-color":"","background-image":"","background-repeat":"repeat","background-position":"center center","background-size":"auto","background-attachment":"scroll","background-type":"","background-media":"","overlay-type":"","overlay-color":"","overlay-opacity":"","overlay-gradient":""},"tablet":{"background-color":"","background-image":"","background-repeat":"repeat","background-position":"center center","background-size":"auto","background-attachment":"scroll","background-type":"","background-media":"","overlay-type":"","overlay-color":"","overlay-opacity":"","overlay-gradient":""},"mobile":{"background-color":"","background-image":"","background-repeat":"repeat","background-position":"center center","background-size":"auto","background-attachment":"scroll","background-type":"","background-media":"","overlay-type":"","overlay-color":"","overlay-opacity":"","overlay-gradient":""}},"ast-content-background-meta":{"desktop":{"background-color":"var(--ast-global-color-5)","background-image":"","background-repeat":"repeat","background-position":"center center","background-size":"auto","background-attachment":"scroll","background-type":"","background-media":"","overlay-type":"","overlay-color":"","overlay-opacity":"","overlay-gradient":""},"tablet":{"background-color":"var(--ast-global-color-5)","background-image":"","background-repeat":"repeat","background-position":"center center","background-size":"auto","background-attachment":"scroll","background-type":"","background-media":"","overlay-type":"","overlay-color":"","overlay-opacity":"","overlay-gradient":""},"mobile":{"background-color":"var(--ast-global-color-5)","background-image":"","background-repeat":"repeat","background-position":"center center","background-size":"auto","background-attachment":"scroll","background-type":"","background-media":"","overlay-type":"","overlay-color":"","overlay-opacity":"","overlay-gradient":""}}},"product_brand":[],"product_cat":[15],"product_tag":[207,208],"class_list":{"0":"post-3681","1":"product","2":"type-product","3":"status-publish","4":"has-post-thumbnail","6":"product_cat-books","7":"product_tag-french-language","8":"product_tag-preparation-delf-hachette-a1","9":"desktop-align-left","10":"tablet-align-center","11":"mobile-align-center","13":"first","14":"instock","15":"shipping-taxable","16":"purchasable","17":"product-type-simple"},"yoast_head":"<!-- This site is optimized with the Yoast SEO plugin v27.2 - https:\/\/yoast.com\/product\/yoast-seo-wordpress\/ -->\n<title>Pr\u00e9paration DELF Hachette A1: Livre &amp; CD - French Language<\/title>\n<meta name=\"description\" content=\"D\u00e9couvrez le livre et le CD pour pr\u00e9parer l&#039;examen du DELF A1 avec Hachette. Parfait pour am\u00e9liorer votre fran\u00e7ais oral et \u00e9crit.\" \/>\n<meta name=\"robots\" content=\"index, follow, max-snippet:-1, max-image-preview:large, max-video-preview:-1\" \/>\n<link rel=\"canonical\" href=\"https:\/\/examopedia.com\/blog\/product\/preparation-a-lexamen-du-delf-hachette-livre-a1-cd-french-language\/\" \/>\n<meta property=\"og:locale\" content=\"en_US\" \/>\n<meta property=\"og:type\" content=\"article\" \/>\n<meta property=\"og:title\" content=\"Pr\u00e9paration DELF Hachette A1: Livre &amp; CD - French Language\" \/>\n<meta property=\"og:description\" content=\"D\u00e9couvrez le livre et le CD pour pr\u00e9parer l&#039;examen du DELF A1 avec Hachette. Parfait pour am\u00e9liorer votre fran\u00e7ais oral et \u00e9crit.\" \/>\n<meta property=\"og:url\" content=\"https:\/\/examopedia.com\/blog\/product\/preparation-a-lexamen-du-delf-hachette-livre-a1-cd-french-language\/\" \/>\n<meta property=\"article:modified_time\" content=\"2024-06-18T10:40:57+00:00\" \/>\n<meta property=\"og:image\" content=\"https:\/\/i0.wp.com\/examopedia.com\/blog\/wp-content\/uploads\/2024\/06\/OdP9bs4qyPFN9X4X71u46Mmm0Tp233FQUbPPgWxQ.jpg?fit=1500%2C1161&ssl=1\" \/>\n\t<meta property=\"og:image:width\" content=\"1500\" \/>\n\t<meta property=\"og:image:height\" content=\"1161\" \/>\n\t<meta property=\"og:image:type\" content=\"image\/jpeg\" \/>\n<meta name=\"twitter:card\" content=\"summary_large_image\" \/>\n<meta name=\"twitter:label1\" content=\"Est. reading time\" \/>\n\t<meta name=\"twitter:data1\" content=\"1 minute\" \/>\n<script type=\"application\/ld+json\" class=\"yoast-schema-graph\">{\"@context\":\"https:\/\/schema.org\",\"@graph\":[{\"@type\":\"WebPage\",\"@id\":\"https:\/\/examopedia.com\/blog\/product\/preparation-a-lexamen-du-delf-hachette-livre-a1-cd-french-language\/\",\"url\":\"https:\/\/examopedia.com\/blog\/product\/preparation-a-lexamen-du-delf-hachette-livre-a1-cd-french-language\/\",\"name\":\"Pr\u00e9paration DELF Hachette A1: Livre & CD - French Language\",\"isPartOf\":{\"@id\":\"https:\/\/examopedia.com\/blog\/#website\"},\"primaryImageOfPage\":{\"@id\":\"https:\/\/examopedia.com\/blog\/product\/preparation-a-lexamen-du-delf-hachette-livre-a1-cd-french-language\/#primaryimage\"},\"image\":{\"@id\":\"https:\/\/examopedia.com\/blog\/product\/preparation-a-lexamen-du-delf-hachette-livre-a1-cd-french-language\/#primaryimage\"},\"thumbnailUrl\":\"https:\/\/i0.wp.com\/examopedia.com\/blog\/wp-content\/uploads\/2024\/06\/OdP9bs4qyPFN9X4X71u46Mmm0Tp233FQUbPPgWxQ.jpg?fit=1500%2C1161&ssl=1\",\"datePublished\":\"2024-06-05T07:21:13+00:00\",\"dateModified\":\"2024-06-18T10:40:57+00:00\",\"description\":\"D\u00e9couvrez le livre et le CD pour pr\u00e9parer l'examen du DELF A1 avec Hachette. Parfait pour am\u00e9liorer votre fran\u00e7ais oral et \u00e9crit.\",\"breadcrumb\":{\"@id\":\"https:\/\/examopedia.com\/blog\/product\/preparation-a-lexamen-du-delf-hachette-livre-a1-cd-french-language\/#breadcrumb\"},\"inLanguage\":\"en-US\",\"potentialAction\":[{\"@type\":\"ReadAction\",\"target\":[\"https:\/\/examopedia.com\/blog\/product\/preparation-a-lexamen-du-delf-hachette-livre-a1-cd-french-language\/\"]}]},{\"@type\":\"ImageObject\",\"inLanguage\":\"en-US\",\"@id\":\"https:\/\/examopedia.com\/blog\/product\/preparation-a-lexamen-du-delf-hachette-livre-a1-cd-french-language\/#primaryimage\",\"url\":\"https:\/\/i0.wp.com\/examopedia.com\/blog\/wp-content\/uploads\/2024\/06\/OdP9bs4qyPFN9X4X71u46Mmm0Tp233FQUbPPgWxQ.jpg?fit=1500%2C1161&ssl=1\",\"contentUrl\":\"https:\/\/i0.wp.com\/examopedia.com\/blog\/wp-content\/uploads\/2024\/06\/OdP9bs4qyPFN9X4X71u46Mmm0Tp233FQUbPPgWxQ.jpg?fit=1500%2C1161&ssl=1\",\"width\":1500,\"height\":1161},{\"@type\":\"BreadcrumbList\",\"@id\":\"https:\/\/examopedia.com\/blog\/product\/preparation-a-lexamen-du-delf-hachette-livre-a1-cd-french-language\/#breadcrumb\",\"itemListElement\":[{\"@type\":\"ListItem\",\"position\":1,\"name\":\"Home\",\"item\":\"https:\/\/examopedia.com\/blog\/\"},{\"@type\":\"ListItem\",\"position\":2,\"name\":\"Products\",\"item\":\"https:\/\/examopedia.com\/blog\/shop\/\"},{\"@type\":\"ListItem\",\"position\":3,\"name\":\"Preparation a l&#8217;examen du DELF Hachette: Livre A1 &#038; CD \/ French Language\"}]},{\"@type\":\"WebSite\",\"@id\":\"https:\/\/examopedia.com\/blog\/#website\",\"url\":\"https:\/\/examopedia.com\/blog\/\",\"name\":\"Examopedia\",\"description\":\"\",\"publisher\":{\"@id\":\"https:\/\/examopedia.com\/blog\/#organization\"},\"potentialAction\":[{\"@type\":\"SearchAction\",\"target\":{\"@type\":\"EntryPoint\",\"urlTemplate\":\"https:\/\/examopedia.com\/blog\/?s={search_term_string}\"},\"query-input\":{\"@type\":\"PropertyValueSpecification\",\"valueRequired\":true,\"valueName\":\"search_term_string\"}}],\"inLanguage\":\"en-US\"},{\"@type\":\"Organization\",\"@id\":\"https:\/\/examopedia.com\/blog\/#organization\",\"name\":\"Examopedia\",\"url\":\"https:\/\/examopedia.com\/blog\/\",\"logo\":{\"@type\":\"ImageObject\",\"inLanguage\":\"en-US\",\"@id\":\"https:\/\/examopedia.com\/blog\/#\/schema\/logo\/image\/\",\"url\":\"https:\/\/i0.wp.com\/examopedia.com\/blog\/wp-content\/uploads\/2024\/06\/cropped-logo-no-background-1.png?fit=1499%2C1499&ssl=1\",\"contentUrl\":\"https:\/\/i0.wp.com\/examopedia.com\/blog\/wp-content\/uploads\/2024\/06\/cropped-logo-no-background-1.png?fit=1499%2C1499&ssl=1\",\"width\":1499,\"height\":1499,\"caption\":\"Examopedia\"},\"image\":{\"@id\":\"https:\/\/examopedia.com\/blog\/#\/schema\/logo\/image\/\"}}]}<\/script>\n<!-- \/ Yoast SEO plugin. -->","yoast_head_json":{"title":"Pr\u00e9paration DELF Hachette A1: Livre & CD - French Language","description":"D\u00e9couvrez le livre et le CD pour pr\u00e9parer l'examen du DELF A1 avec Hachette. Parfait pour am\u00e9liorer votre fran\u00e7ais oral et \u00e9crit.","robots":{"index":"index","follow":"follow","max-snippet":"max-snippet:-1","max-image-preview":"max-image-preview:large","max-video-preview":"max-video-preview:-1"},"canonical":"https:\/\/examopedia.com\/blog\/product\/preparation-a-lexamen-du-delf-hachette-livre-a1-cd-french-language\/","og_locale":"en_US","og_type":"article","og_title":"Pr\u00e9paration DELF Hachette A1: Livre & CD - French Language","og_description":"D\u00e9couvrez le livre et le CD pour pr\u00e9parer l'examen du DELF A1 avec Hachette. Parfait pour am\u00e9liorer votre fran\u00e7ais oral et \u00e9crit.","og_url":"https:\/\/examopedia.com\/blog\/product\/preparation-a-lexamen-du-delf-hachette-livre-a1-cd-french-language\/","article_modified_time":"2024-06-18T10:40:57+00:00","og_image":[{"width":1500,"height":1161,"url":"https:\/\/i0.wp.com\/examopedia.com\/blog\/wp-content\/uploads\/2024\/06\/OdP9bs4qyPFN9X4X71u46Mmm0Tp233FQUbPPgWxQ.jpg?fit=1500%2C1161&ssl=1","type":"image\/jpeg"}],"twitter_card":"summary_large_image","twitter_misc":{"Est. reading time":"1 minute"},"schema":{"@context":"https:\/\/schema.org","@graph":[{"@type":"WebPage","@id":"https:\/\/examopedia.com\/blog\/product\/preparation-a-lexamen-du-delf-hachette-livre-a1-cd-french-language\/","url":"https:\/\/examopedia.com\/blog\/product\/preparation-a-lexamen-du-delf-hachette-livre-a1-cd-french-language\/","name":"Pr\u00e9paration DELF Hachette A1: Livre & CD - French Language","isPartOf":{"@id":"https:\/\/examopedia.com\/blog\/#website"},"primaryImageOfPage":{"@id":"https:\/\/examopedia.com\/blog\/product\/preparation-a-lexamen-du-delf-hachette-livre-a1-cd-french-language\/#primaryimage"},"image":{"@id":"https:\/\/examopedia.com\/blog\/product\/preparation-a-lexamen-du-delf-hachette-livre-a1-cd-french-language\/#primaryimage"},"thumbnailUrl":"https:\/\/i0.wp.com\/examopedia.com\/blog\/wp-content\/uploads\/2024\/06\/OdP9bs4qyPFN9X4X71u46Mmm0Tp233FQUbPPgWxQ.jpg?fit=1500%2C1161&ssl=1","datePublished":"2024-06-05T07:21:13+00:00","dateModified":"2024-06-18T10:40:57+00:00","description":"D\u00e9couvrez le livre et le CD pour pr\u00e9parer l'examen du DELF A1 avec Hachette. Parfait pour am\u00e9liorer votre fran\u00e7ais oral et \u00e9crit.","breadcrumb":{"@id":"https:\/\/examopedia.com\/blog\/product\/preparation-a-lexamen-du-delf-hachette-livre-a1-cd-french-language\/#breadcrumb"},"inLanguage":"en-US","potentialAction":[{"@type":"ReadAction","target":["https:\/\/examopedia.com\/blog\/product\/preparation-a-lexamen-du-delf-hachette-livre-a1-cd-french-language\/"]}]},{"@type":"ImageObject","inLanguage":"en-US","@id":"https:\/\/examopedia.com\/blog\/product\/preparation-a-lexamen-du-delf-hachette-livre-a1-cd-french-language\/#primaryimage","url":"https:\/\/i0.wp.com\/examopedia.com\/blog\/wp-content\/uploads\/2024\/06\/OdP9bs4qyPFN9X4X71u46Mmm0Tp233FQUbPPgWxQ.jpg?fit=1500%2C1161&ssl=1","contentUrl":"https:\/\/i0.wp.com\/examopedia.com\/blog\/wp-content\/uploads\/2024\/06\/OdP9bs4qyPFN9X4X71u46Mmm0Tp233FQUbPPgWxQ.jpg?fit=1500%2C1161&ssl=1","width":1500,"height":1161},{"@type":"BreadcrumbList","@id":"https:\/\/examopedia.com\/blog\/product\/preparation-a-lexamen-du-delf-hachette-livre-a1-cd-french-language\/#breadcrumb","itemListElement":[{"@type":"ListItem","position":1,"name":"Home","item":"https:\/\/examopedia.com\/blog\/"},{"@type":"ListItem","position":2,"name":"Products","item":"https:\/\/examopedia.com\/blog\/shop\/"},{"@type":"ListItem","position":3,"name":"Preparation a l&#8217;examen du DELF Hachette: Livre A1 &#038; CD \/ French Language"}]},{"@type":"WebSite","@id":"https:\/\/examopedia.com\/blog\/#website","url":"https:\/\/examopedia.com\/blog\/","name":"Examopedia","description":"","publisher":{"@id":"https:\/\/examopedia.com\/blog\/#organization"},"potentialAction":[{"@type":"SearchAction","target":{"@type":"EntryPoint","urlTemplate":"https:\/\/examopedia.com\/blog\/?s={search_term_string}"},"query-input":{"@type":"PropertyValueSpecification","valueRequired":true,"valueName":"search_term_string"}}],"inLanguage":"en-US"},{"@type":"Organization","@id":"https:\/\/examopedia.com\/blog\/#organization","name":"Examopedia","url":"https:\/\/examopedia.com\/blog\/","logo":{"@type":"ImageObject","inLanguage":"en-US","@id":"https:\/\/examopedia.com\/blog\/#\/schema\/logo\/image\/","url":"https:\/\/i0.wp.com\/examopedia.com\/blog\/wp-content\/uploads\/2024\/06\/cropped-logo-no-background-1.png?fit=1499%2C1499&ssl=1","contentUrl":"https:\/\/i0.wp.com\/examopedia.com\/blog\/wp-content\/uploads\/2024\/06\/cropped-logo-no-background-1.png?fit=1499%2C1499&ssl=1","width":1499,"height":1499,"caption":"Examopedia"},"image":{"@id":"https:\/\/examopedia.com\/blog\/#\/schema\/logo\/image\/"}}]}},"uagb_featured_image_src":{"full":["https:\/\/i0.wp.com\/examopedia.com\/blog\/wp-content\/uploads\/2024\/06\/OdP9bs4qyPFN9X4X71u46Mmm0Tp233FQUbPPgWxQ.jpg?fit=1500%2C1161&ssl=1",1500,1161,false],"thumbnail":["https:\/\/i0.wp.com\/examopedia.com\/blog\/wp-content\/uploads\/2024\/06\/OdP9bs4qyPFN9X4X71u46Mmm0Tp233FQUbPPgWxQ.jpg?resize=150%2C150&ssl=1",150,150,true],"medium":["https:\/\/i0.wp.com\/examopedia.com\/blog\/wp-content\/uploads\/2024\/06\/OdP9bs4qyPFN9X4X71u46Mmm0Tp233FQUbPPgWxQ.jpg?fit=300%2C232&ssl=1",300,232,true],"medium_large":["https:\/\/i0.wp.com\/examopedia.com\/blog\/wp-content\/uploads\/2024\/06\/OdP9bs4qyPFN9X4X71u46Mmm0Tp233FQUbPPgWxQ.jpg?fit=768%2C594&ssl=1",768,594,true],"large":["https:\/\/i0.wp.com\/examopedia.com\/blog\/wp-content\/uploads\/2024\/06\/OdP9bs4qyPFN9X4X71u46Mmm0Tp233FQUbPPgWxQ.jpg?fit=1024%2C793&ssl=1",1024,793,true],"1536x1536":["https:\/\/i0.wp.com\/examopedia.com\/blog\/wp-content\/uploads\/2024\/06\/OdP9bs4qyPFN9X4X71u46Mmm0Tp233FQUbPPgWxQ.jpg?fit=1500%2C1161&ssl=1",1500,1161,true],"2048x2048":["https:\/\/i0.wp.com\/examopedia.com\/blog\/wp-content\/uploads\/2024\/06\/OdP9bs4qyPFN9X4X71u46Mmm0Tp233FQUbPPgWxQ.jpg?fit=1500%2C1161&ssl=1",1500,1161,true],"classic-grid-listing":["https:\/\/i0.wp.com\/examopedia.com\/blog\/wp-content\/uploads\/2024\/06\/OdP9bs4qyPFN9X4X71u46Mmm0Tp233FQUbPPgWxQ.jpg?fit=600%2C464&ssl=1",600,464,true],"classic-list-listing":["https:\/\/i0.wp.com\/examopedia.com\/blog\/wp-content\/uploads\/2024\/06\/OdP9bs4qyPFN9X4X71u46Mmm0Tp233FQUbPPgWxQ.jpg?fit=207%2C160&ssl=1",207,160,true],"modern-grid-listing":["https:\/\/i0.wp.com\/examopedia.com\/blog\/wp-content\/uploads\/2024\/06\/OdP9bs4qyPFN9X4X71u46Mmm0Tp233FQUbPPgWxQ.jpg?resize=600%2C384&ssl=1",600,384,true],"product-page-image":["https:\/\/i0.wp.com\/examopedia.com\/blog\/wp-content\/uploads\/2024\/06\/OdP9bs4qyPFN9X4X71u46Mmm0Tp233FQUbPPgWxQ.jpg?fit=600%2C464&ssl=1",600,464,true],"product-category-page-image":["https:\/\/i0.wp.com\/examopedia.com\/blog\/wp-content\/uploads\/2024\/06\/OdP9bs4qyPFN9X4X71u46Mmm0Tp233FQUbPPgWxQ.jpg?fit=600%2C464&ssl=1",600,464,true],"depicter-thumbnail":["https:\/\/i0.wp.com\/examopedia.com\/blog\/wp-content\/uploads\/2024\/06\/OdP9bs4qyPFN9X4X71u46Mmm0Tp233FQUbPPgWxQ.jpg?fit=200%2C155&ssl=1",200,155,true],"mailpoet_newsletter_max":["https:\/\/i0.wp.com\/examopedia.com\/blog\/wp-content\/uploads\/2024\/06\/OdP9bs4qyPFN9X4X71u46Mmm0Tp233FQUbPPgWxQ.jpg?fit=1320%2C1022&ssl=1",1320,1022,true],"woocommerce_thumbnail":["https:\/\/i0.wp.com\/examopedia.com\/blog\/wp-content\/uploads\/2024\/06\/OdP9bs4qyPFN9X4X71u46Mmm0Tp233FQUbPPgWxQ.jpg?resize=300%2C300&ssl=1",300,300,true],"woocommerce_single":["https:\/\/i0.wp.com\/examopedia.com\/blog\/wp-content\/uploads\/2024\/06\/OdP9bs4qyPFN9X4X71u46Mmm0Tp233FQUbPPgWxQ.jpg?fit=600%2C464&ssl=1",600,464,true],"woocommerce_gallery_thumbnail":["https:\/\/i0.wp.com\/examopedia.com\/blog\/wp-content\/uploads\/2024\/06\/OdP9bs4qyPFN9X4X71u46Mmm0Tp233FQUbPPgWxQ.jpg?resize=100%2C100&ssl=1",100,100,true]},"uagb_author_info":{"display_name":"admin","author_link":"https:\/\/examopedia.com\/blog\/author\/"},"uagb_comment_info":0,"uagb_excerpt":"French language became a diplomacy, culture, and commerce, spreading to various parts of Africa, Asia, and the Americas.","jetpack_sharing_enabled":true,"_links":{"self":[{"href":"https:\/\/examopedia.com\/blog\/wp-json\/wp\/v2\/product\/3681","targetHints":{"allow":["GET"]}}],"collection":[{"href":"https:\/\/examopedia.com\/blog\/wp-json\/wp\/v2\/product"}],"about":[{"href":"https:\/\/examopedia.com\/blog\/wp-json\/wp\/v2\/types\/product"}],"replies":[{"embeddable":true,"href":"https:\/\/examopedia.com\/blog\/wp-json\/wp\/v2\/comments?post=3681"}],"wp:featuredmedia":[{"embeddable":true,"href":"https:\/\/examopedia.com\/blog\/wp-json\/wp\/v2\/media\/3735"}],"wp:attachment":[{"href":"https:\/\/examopedia.com\/blog\/wp-json\/wp\/v2\/media?parent=3681"}],"wp:term":[{"taxonomy":"product_brand","embeddable":true,"href":"https:\/\/examopedia.com\/blog\/wp-json\/wp\/v2\/product_brand?post=3681"},{"taxonomy":"product_cat","embeddable":true,"href":"https:\/\/examopedia.com\/blog\/wp-json\/wp\/v2\/product_cat?post=3681"},{"taxonomy":"product_tag","embeddable":true,"href":"https:\/\/examopedia.com\/blog\/wp-json\/wp\/v2\/product_tag?post=3681"}],"curies":[{"name":"wp","href":"https:\/\/api.w.org\/{rel}","templated":true}]}}